{"id":2792,"date":"2020-10-28T22:28:31","date_gmt":"2020-10-28T21:28:31","guid":{"rendered":"https:\/\/divinejasmine.com\/?page_id=2792"},"modified":"2024-10-10T18:19:18","modified_gmt":"2024-10-10T16:19:18","slug":"fan-de-divine-jasmine","status":"publish","type":"page","link":"https:\/\/divinejasmine.com\/en\/accueil-2\/pratiques-bdsm\/fan-de-divine-jasmine\/","title":{"rendered":"Divine Jasmine fansites"},"content":{"rendered":"<div data-elementor-type=\"wp-post\" data-elementor-id=\"2792\" class=\"elementor elementor-2792\" data-elementor-post-type=\"page\">\n\t\t\t\t\t\t<section class=\"elementor-section elementor-top-section elementor-element elementor-element-d7d8b56 elementor-section-boxed elementor-section-height-default elementor-section-height-default\" data-id=\"d7d8b56\" data-element_type=\"section\" data-settings=\"{&quot;background_background&quot;:&quot;classic&quot;}\">\n\t\t\t\t\t\t\t<div class=\"elementor-background-overlay\"><\/div>\n\t\t\t\t\t\t\t<div class=\"elementor-container elementor-column-gap-default\">\n\t\t\t\t\t<div class=\"elementor-column elementor-col-33 elementor-top-column elementor-element elementor-element-b3d335b\" data-id=\"b3d335b\" data-element_type=\"column\">\n\t\t\t<div class=\"elementor-widget-wrap\">\n\t\t\t\t\t\t\t<\/div>\n\t\t<\/div>\n\t\t\t\t<div class=\"elementor-column elementor-col-33 elementor-top-column elementor-element elementor-element-fd69444\" data-id=\"fd69444\" data-element_type=\"column\">\n\t\t\t<div class=\"elementor-widget-wrap elementor-element-populated\">\n\t\t\t\t\t\t<div class=\"elementor-element elementor-element-1ff413a elementor-view-default elementor-position-top elementor-mobile-position-top elementor-widget elementor-widget-icon-box\" data-id=\"1ff413a\" data-element_type=\"widget\" data-widget_type=\"icon-box.default\">\n\t\t\t\t<div class=\"elementor-widget-container\">\n\t\t\t\t\t<div class=\"elementor-icon-box-wrapper\">\n\n\t\t\t\t\t\t<div class=\"elementor-icon-box-icon\">\n\t\t\t\t<span  class=\"elementor-icon elementor-animation-\">\n\t\t\t\t<i aria-hidden=\"true\" class=\"fas fa-crown\"><\/i>\t\t\t\t<\/span>\n\t\t\t<\/div>\n\t\t\t\n\t\t\t\t\t\t<div class=\"elementor-icon-box-content\">\n\n\t\t\t\t\t\t\t\t\t<h1 class=\"elementor-icon-box-title\">\n\t\t\t\t\t\t<span  >\n\t\t\t\t\t\t\tBeing fan of Divine Jasmine\t\t\t\t\t\t<\/span>\n\t\t\t\t\t<\/h1>\n\t\t\t\t\n\t\t\t\t\n\t\t\t<\/div>\n\t\t\t\n\t\t<\/div>\n\t\t\t\t<\/div>\n\t\t\t\t<\/div>\n\t\t\t\t\t<\/div>\n\t\t<\/div>\n\t\t\t\t<div class=\"elementor-column elementor-col-33 elementor-top-column elementor-element elementor-element-674669b\" data-id=\"674669b\" data-element_type=\"column\">\n\t\t\t<div class=\"elementor-widget-wrap\">\n\t\t\t\t\t\t\t<\/div>\n\t\t<\/div>\n\t\t\t\t\t<\/div>\n\t\t<\/section>\n\t\t\t\t<section class=\"elementor-section elementor-top-section elementor-element elementor-element-aee9329 elementor-section-boxed elementor-section-height-default elementor-section-height-default\" data-id=\"aee9329\" data-element_type=\"section\">\n\t\t\t\t\t\t<div class=\"elementor-container elementor-column-gap-default\">\n\t\t\t\t\t<div class=\"elementor-column elementor-col-33 elementor-top-column elementor-element elementor-element-0003d93\" data-id=\"0003d93\" data-element_type=\"column\">\n\t\t\t<div class=\"elementor-widget-wrap\">\n\t\t\t\t\t\t\t<\/div>\n\t\t<\/div>\n\t\t\t\t<div class=\"elementor-column elementor-col-33 elementor-top-column elementor-element elementor-element-ecd5288\" data-id=\"ecd5288\" data-element_type=\"column\">\n\t\t\t<div class=\"elementor-widget-wrap elementor-element-populated\">\n\t\t\t\t\t\t<div class=\"elementor-element elementor-element-7cb1c72 elementor-widget elementor-widget-heading\" data-id=\"7cb1c72\" data-element_type=\"widget\" data-widget_type=\"heading.default\">\n\t\t\t\t<div class=\"elementor-widget-container\">\n\t\t\t<h2 class=\"elementor-heading-title elementor-size-default\">How to be a fan of divine jasmine?<\/h2>\t\t<\/div>\n\t\t\t\t<\/div>\n\t\t\t\t<div class=\"elementor-element elementor-element-5186e98 elementor-widget-divider--view-line elementor-widget elementor-widget-divider\" data-id=\"5186e98\" data-element_type=\"widget\" data-widget_type=\"divider.default\">\n\t\t\t\t<div class=\"elementor-widget-container\">\n\t\t\t\t\t<div class=\"elementor-divider\">\n\t\t\t<span class=\"elementor-divider-separator\">\n\t\t\t\t\t\t<\/span>\n\t\t<\/div>\n\t\t\t\t<\/div>\n\t\t\t\t<\/div>\n\t\t\t\t<div class=\"elementor-element elementor-element-597ba0e elementor-drop-cap-yes elementor-drop-cap-view-default elementor-widget elementor-widget-text-editor\" data-id=\"597ba0e\" data-element_type=\"widget\" data-settings=\"{&quot;drop_cap&quot;:&quot;yes&quot;}\" data-widget_type=\"text-editor.default\">\n\t\t\t\t<div class=\"elementor-widget-container\">\n\t\t\t\t\t\t\t<p style=\"text-align: left;\">You who regularly come to visit me at home, who make me lovely <a href=\"https:\/\/divinejasmine.com\/en\/accueil\/qui-est-divine-jasmine\/me-faire-plaisir\/\">presents<\/a>, do you want to be a fan of Divine Jasmine? Did you know that I now have three fansites online? If you don't yet dare to take the plunge into reality, you can worship me from a distance, in complete discretion. There is something for everyone, from the softest to the hardest.<\/p>\t\t\t\t\t\t<\/div>\n\t\t\t\t<\/div>\n\t\t\t\t<div class=\"elementor-element elementor-element-13331a9 elementor-widget-divider--view-line elementor-widget elementor-widget-divider\" data-id=\"13331a9\" data-element_type=\"widget\" data-widget_type=\"divider.default\">\n\t\t\t\t<div class=\"elementor-widget-container\">\n\t\t\t\t\t<div class=\"elementor-divider\">\n\t\t\t<span class=\"elementor-divider-separator\">\n\t\t\t\t\t\t<\/span>\n\t\t<\/div>\n\t\t\t\t<\/div>\n\t\t\t\t<\/div>\n\t\t\t\t<section class=\"elementor-section elementor-inner-section elementor-element elementor-element-4fa10fb elementor-section-boxed elementor-section-height-default elementor-section-height-default\" data-id=\"4fa10fb\" data-element_type=\"section\">\n\t\t\t\t\t\t<div class=\"elementor-container elementor-column-gap-default\">\n\t\t\t\t\t<div class=\"elementor-column elementor-col-66 elementor-inner-column elementor-element elementor-element-cc984cf\" data-id=\"cc984cf\" data-element_type=\"column\">\n\t\t\t<div class=\"elementor-widget-wrap elementor-element-populated\">\n\t\t\t\t\t\t<div class=\"elementor-element elementor-element-ce53fa7 elementor-widget elementor-widget-image\" data-id=\"ce53fa7\" data-element_type=\"widget\" data-widget_type=\"image.default\">\n\t\t\t\t<div class=\"elementor-widget-container\">\n\t\t\t\t\t\t\t\t\t\t\t\t\t\t<a href=\"https:\/\/scatbook.com\/divinejasmine\" target=\"_blank\" rel=\"noopener\">\n\t\t\t\t\t\t\t<img fetchpriority=\"high\" decoding=\"async\" width=\"1024\" height=\"1024\" src=\"https:\/\/divinejasmine.com\/wp-content\/uploads\/2023\/09\/Scatbook_divinejasmine.png\" class=\"attachment-large size-large wp-image-7272\" alt=\"fan of divine jasmine : Scatbook\" srcset=\"https:\/\/divinejasmine.com\/wp-content\/uploads\/2023\/09\/Scatbook_divinejasmine.png 1024w, https:\/\/divinejasmine.com\/wp-content\/uploads\/2023\/09\/Scatbook_divinejasmine-300x300.png 300w, https:\/\/divinejasmine.com\/wp-content\/uploads\/2023\/09\/Scatbook_divinejasmine-150x150.png 150w, https:\/\/divinejasmine.com\/wp-content\/uploads\/2023\/09\/Scatbook_divinejasmine-768x768.png 768w, https:\/\/divinejasmine.com\/wp-content\/uploads\/2023\/09\/Scatbook_divinejasmine-12x12.png 12w\" sizes=\"(max-width: 1024px) 100vw, 1024px\" \/>\t\t\t\t\t\t\t\t<\/a>\n\t\t\t\t\t\t\t\t\t\t\t\t\t<\/div>\n\t\t\t\t<\/div>\n\t\t\t\t\t<\/div>\n\t\t<\/div>\n\t\t\t\t<div class=\"elementor-column elementor-col-33 elementor-inner-column elementor-element elementor-element-e662328\" data-id=\"e662328\" data-element_type=\"column\">\n\t\t\t<div class=\"elementor-widget-wrap elementor-element-populated\">\n\t\t\t\t\t\t<div class=\"elementor-element elementor-element-acc2f35 elementor-widget elementor-widget-heading\" data-id=\"acc2f35\" data-element_type=\"widget\" data-widget_type=\"heading.default\">\n\t\t\t\t<div class=\"elementor-widget-container\">\n\t\t\t<h2 class=\"elementor-heading-title elementor-size-default\"><a href=\"https:\/\/scatbook.com\/divinejasmine\" target=\"_blank\" rel=\"noopener\">ScatBook<\/a><\/h2>\t\t<\/div>\n\t\t\t\t<\/div>\n\t\t\t\t<div class=\"elementor-element elementor-element-e9d0a9a elementor-widget-divider--view-line elementor-widget elementor-widget-divider\" data-id=\"e9d0a9a\" data-element_type=\"widget\" data-widget_type=\"divider.default\">\n\t\t\t\t<div class=\"elementor-widget-container\">\n\t\t\t\t\t<div class=\"elementor-divider\">\n\t\t\t<span class=\"elementor-divider-separator\">\n\t\t\t\t\t\t<\/span>\n\t\t<\/div>\n\t\t\t\t<\/div>\n\t\t\t\t<\/div>\n\t\t\t\t<div class=\"elementor-element elementor-element-c942ad2 elementor-widget elementor-widget-text-editor\" data-id=\"c942ad2\" data-element_type=\"widget\" data-widget_type=\"text-editor.default\">\n\t\t\t\t<div class=\"elementor-widget-container\">\n\t\t\t\t\t\t\t<p>I publish exclusive hard or extreme bdsm content (Caviar, ...)<\/p><p>If you like degrading bdsm practices, you will be delighted!<\/p>\t\t\t\t\t\t<\/div>\n\t\t\t\t<\/div>\n\t\t\t\t\t<\/div>\n\t\t<\/div>\n\t\t\t\t\t<\/div>\n\t\t<\/section>\n\t\t\t\t<section class=\"elementor-section elementor-inner-section elementor-element elementor-element-b4f5aca elementor-section-boxed elementor-section-height-default elementor-section-height-default\" data-id=\"b4f5aca\" data-element_type=\"section\">\n\t\t\t\t\t\t<div class=\"elementor-container elementor-column-gap-default\">\n\t\t\t\t\t<div class=\"elementor-column elementor-col-66 elementor-inner-column elementor-element elementor-element-37148cb\" data-id=\"37148cb\" data-element_type=\"column\">\n\t\t\t<div class=\"elementor-widget-wrap elementor-element-populated\">\n\t\t\t\t\t\t<div class=\"elementor-element elementor-element-2354734 elementor-widget elementor-widget-image\" data-id=\"2354734\" data-element_type=\"widget\" data-widget_type=\"image.default\">\n\t\t\t\t<div class=\"elementor-widget-container\">\n\t\t\t\t\t\t\t\t\t\t\t\t\t\t<a href=\"https:\/\/darkfans.com\/divinejasmine75\" target=\"_blank\" rel=\"noopener\">\n\t\t\t\t\t\t\t<img decoding=\"async\" width=\"1024\" height=\"1024\" src=\"https:\/\/divinejasmine.com\/wp-content\/uploads\/2023\/09\/Loverfans_divinejasmine.png\" class=\"attachment-large size-large wp-image-7274\" alt=\"divine jasmine fansites : Loverfans\" srcset=\"https:\/\/divinejasmine.com\/wp-content\/uploads\/2023\/09\/Loverfans_divinejasmine.png 1024w, https:\/\/divinejasmine.com\/wp-content\/uploads\/2023\/09\/Loverfans_divinejasmine-300x300.png 300w, https:\/\/divinejasmine.com\/wp-content\/uploads\/2023\/09\/Loverfans_divinejasmine-150x150.png 150w, https:\/\/divinejasmine.com\/wp-content\/uploads\/2023\/09\/Loverfans_divinejasmine-768x768.png 768w, https:\/\/divinejasmine.com\/wp-content\/uploads\/2023\/09\/Loverfans_divinejasmine-12x12.png 12w\" sizes=\"(max-width: 1024px) 100vw, 1024px\" \/>\t\t\t\t\t\t\t\t<\/a>\n\t\t\t\t\t\t\t\t\t\t\t\t\t<\/div>\n\t\t\t\t<\/div>\n\t\t\t\t\t<\/div>\n\t\t<\/div>\n\t\t\t\t<div class=\"elementor-column elementor-col-33 elementor-inner-column elementor-element elementor-element-a8e5797\" data-id=\"a8e5797\" data-element_type=\"column\">\n\t\t\t<div class=\"elementor-widget-wrap elementor-element-populated\">\n\t\t\t\t\t\t<div class=\"elementor-element elementor-element-a8d48c4 elementor-widget elementor-widget-heading\" data-id=\"a8d48c4\" data-element_type=\"widget\" data-widget_type=\"heading.default\">\n\t\t\t\t<div class=\"elementor-widget-container\">\n\t\t\t<h2 class=\"elementor-heading-title elementor-size-default\"><a href=\"https:\/\/loverfans.com\/divinejasmine\" target=\"_blank\" rel=\"noopener\">LoverFans<\/a><\/h2>\t\t<\/div>\n\t\t\t\t<\/div>\n\t\t\t\t<div class=\"elementor-element elementor-element-79df68f elementor-widget-divider--view-line elementor-widget elementor-widget-divider\" data-id=\"79df68f\" data-element_type=\"widget\" data-widget_type=\"divider.default\">\n\t\t\t\t<div class=\"elementor-widget-container\">\n\t\t\t\t\t<div class=\"elementor-divider\">\n\t\t\t<span class=\"elementor-divider-separator\">\n\t\t\t\t\t\t<\/span>\n\t\t<\/div>\n\t\t\t\t<\/div>\n\t\t\t\t<\/div>\n\t\t\t\t<div class=\"elementor-element elementor-element-a4f8f4e elementor-widget elementor-widget-text-editor\" data-id=\"a4f8f4e\" data-element_type=\"widget\" data-widget_type=\"text-editor.default\">\n\t\t\t\t<div class=\"elementor-widget-container\">\n\t\t\t\t\t\t\t<p>I regularly publish non-extreme hard bdsm content there.<\/p><p>If you like bdsm practices without extreme degradation, it's happening here.<\/p>\t\t\t\t\t\t<\/div>\n\t\t\t\t<\/div>\n\t\t\t\t\t<\/div>\n\t\t<\/div>\n\t\t\t\t\t<\/div>\n\t\t<\/section>\n\t\t\t\t<section class=\"elementor-section elementor-inner-section elementor-element elementor-element-ef478d0 elementor-section-boxed elementor-section-height-default elementor-section-height-default\" data-id=\"ef478d0\" data-element_type=\"section\">\n\t\t\t\t\t\t<div class=\"elementor-container elementor-column-gap-default\">\n\t\t\t\t\t<div class=\"elementor-column elementor-col-66 elementor-inner-column elementor-element elementor-element-c15fa45\" data-id=\"c15fa45\" data-element_type=\"column\">\n\t\t\t<div class=\"elementor-widget-wrap elementor-element-populated\">\n\t\t\t\t\t\t<div class=\"elementor-element elementor-element-b706b73 elementor-widget elementor-widget-image\" data-id=\"b706b73\" data-element_type=\"widget\" data-widget_type=\"image.default\">\n\t\t\t\t<div class=\"elementor-widget-container\">\n\t\t\t\t\t\t\t\t\t\t\t\t\t\t<a href=\"https:\/\/www.loyalfans.com\/divinejasmine\/media\" target=\"_blank\" rel=\"noopener\">\n\t\t\t\t\t\t\t<img decoding=\"async\" width=\"1024\" height=\"1024\" src=\"https:\/\/divinejasmine.com\/wp-content\/uploads\/2024\/10\/LoyalFans20-20round20social-1024x1024.jpg\" class=\"attachment-large size-large wp-image-9133\" alt=\"\" srcset=\"https:\/\/divinejasmine.com\/wp-content\/uploads\/2024\/10\/LoyalFans20-20round20social-1024x1024.jpg 1024w, https:\/\/divinejasmine.com\/wp-content\/uploads\/2024\/10\/LoyalFans20-20round20social-300x300.jpg 300w, https:\/\/divinejasmine.com\/wp-content\/uploads\/2024\/10\/LoyalFans20-20round20social-150x150.jpg 150w, https:\/\/divinejasmine.com\/wp-content\/uploads\/2024\/10\/LoyalFans20-20round20social-768x768.jpg 768w, https:\/\/divinejasmine.com\/wp-content\/uploads\/2024\/10\/LoyalFans20-20round20social-12x12.jpg 12w, https:\/\/divinejasmine.com\/wp-content\/uploads\/2024\/10\/LoyalFans20-20round20social.jpg 1200w\" sizes=\"(max-width: 1024px) 100vw, 1024px\" \/>\t\t\t\t\t\t\t\t<\/a>\n\t\t\t\t\t\t\t\t\t\t\t\t\t<\/div>\n\t\t\t\t<\/div>\n\t\t\t\t\t<\/div>\n\t\t<\/div>\n\t\t\t\t<div class=\"elementor-column elementor-col-33 elementor-inner-column elementor-element elementor-element-046ceee\" data-id=\"046ceee\" data-element_type=\"column\">\n\t\t\t<div class=\"elementor-widget-wrap elementor-element-populated\">\n\t\t\t\t\t\t<div class=\"elementor-element elementor-element-cc07caf elementor-widget elementor-widget-heading\" data-id=\"cc07caf\" data-element_type=\"widget\" data-widget_type=\"heading.default\">\n\t\t\t\t<div class=\"elementor-widget-container\">\n\t\t\t<h2 class=\"elementor-heading-title elementor-size-default\"><a href=\"https:\/\/loverfans.com\/divinejasmine\" target=\"_blank\" rel=\"noopener\">LoyalFans<\/a><\/h2>\t\t<\/div>\n\t\t\t\t<\/div>\n\t\t\t\t<div class=\"elementor-element elementor-element-e12c725 elementor-widget-divider--view-line elementor-widget elementor-widget-divider\" data-id=\"e12c725\" data-element_type=\"widget\" data-widget_type=\"divider.default\">\n\t\t\t\t<div class=\"elementor-widget-container\">\n\t\t\t\t\t<div class=\"elementor-divider\">\n\t\t\t<span class=\"elementor-divider-separator\">\n\t\t\t\t\t\t<\/span>\n\t\t<\/div>\n\t\t\t\t<\/div>\n\t\t\t\t<\/div>\n\t\t\t\t<div class=\"elementor-element elementor-element-58ded8e elementor-widget elementor-widget-text-editor\" data-id=\"58ded8e\" data-element_type=\"widget\" data-widget_type=\"text-editor.default\">\n\t\t\t\t<div class=\"elementor-widget-container\">\n\t\t\t\t\t\t\t<p>Here you can buy and download my videos<\/p>\t\t\t\t\t\t<\/div>\n\t\t\t\t<\/div>\n\t\t\t\t\t<\/div>\n\t\t<\/div>\n\t\t\t\t\t<\/div>\n\t\t<\/section>\n\t\t\t\t\t<\/div>\n\t\t<\/div>\n\t\t\t\t<div class=\"elementor-column elementor-col-33 elementor-top-column elementor-element elementor-element-942caf3\" data-id=\"942caf3\" data-element_type=\"column\">\n\t\t\t<div class=\"elementor-widget-wrap\">\n\t\t\t\t\t\t\t<\/div>\n\t\t<\/div>\n\t\t\t\t\t<\/div>\n\t\t<\/section>\n\t\t\t\t<\/div>","protected":false},"excerpt":{"rendered":"<p>Being a fan of Divine Jasmine How can I become a fan of Divine Jasmine? Do you want to be a fan of Divine Jasmine?  Did you know that I now have [...]<\/p>","protected":false},"author":1,"featured_media":1363,"parent":289,"menu_order":3,"comment_status":"closed","ping_status":"closed","template":"","meta":{"_uag_custom_page_level_css":"","_mi_skip_tracking":false,"_monsterinsights_sitenote_active":false,"_monsterinsights_sitenote_note":"","_monsterinsights_sitenote_category":0,"site-sidebar-layout":"no-sidebar","site-content-layout":"page-builder","ast-site-content-layout":"","site-content-style":"default","site-sidebar-style":"default","ast-global-header-display":"","ast-banner-title-visibility":"","ast-main-header-display":"","ast-hfb-above-header-display":"","ast-hfb-below-header-display":"","ast-hfb-mobile-header-display":"","site-post-title":"disabled","ast-breadcrumbs-content":"","ast-featured-img":"disabled","footer-sml-layout":"","theme-transparent-header-meta":"enabled","adv-header-id-meta":"","stick-header-meta":"default","header-above-stick-meta":"","header-main-stick-meta":"","header-below-stick-meta":"","astra-migrate-meta-layouts":"default","ast-page-background-enabled":"default","ast-page-background-meta":{"desktop":{"background-color":"","background-image":"","background-repeat":"repeat","background-position":"center center","background-size":"auto","background-attachment":"scroll","background-type":"","background-media":"","overlay-type":"","overlay-color":"","overlay-gradient":""},"tablet":{"background-color":"","background-image":"","background-repeat":"repeat","background-position":"center center","background-size":"auto","background-attachment":"scroll","background-type":"","background-media":"","overlay-type":"","overlay-color":"","overlay-gradient":""},"mobile":{"background-color":"","background-image":"","background-repeat":"repeat","background-position":"center center","background-size":"auto","background-attachment":"scroll","background-type":"","background-media":"","overlay-type":"","overlay-color":"","overlay-gradient":""}},"ast-content-background-meta":{"desktop":{"background-color":"var(--ast-global-color-5)","background-image":"","background-repeat":"repeat","background-position":"center center","background-size":"auto","background-attachment":"scroll","background-type":"","background-media":"","overlay-type":"","overlay-color":"","overlay-gradient":""},"tablet":{"background-color":"var(--ast-global-color-5)","background-image":"","background-repeat":"repeat","background-position":"center center","background-size":"auto","background-attachment":"scroll","background-type":"","background-media":"","overlay-type":"","overlay-color":"","overlay-gradient":""},"mobile":{"background-color":"var(--ast-global-color-5)","background-image":"","background-repeat":"repeat","background-position":"center center","background-size":"auto","background-attachment":"scroll","background-type":"","background-media":"","overlay-type":"","overlay-color":"","overlay-gradient":""}},"footnotes":""},"categories":[],"uagb_featured_image_src":{"full":["https:\/\/divinejasmine.com\/wp-content\/uploads\/2020\/03\/distance_1024_768.jpg",962,722,false],"thumbnail":["https:\/\/divinejasmine.com\/wp-content\/uploads\/2020\/03\/distance_1024_768-150x150.jpg",150,150,true],"medium":["https:\/\/divinejasmine.com\/wp-content\/uploads\/2020\/03\/distance_1024_768-300x225.jpg",300,225,true],"medium_large":["https:\/\/divinejasmine.com\/wp-content\/uploads\/2020\/03\/distance_1024_768-768x576.jpg",768,576,true],"large":["https:\/\/divinejasmine.com\/wp-content\/uploads\/2020\/03\/distance_1024_768.jpg",962,722,false],"1536x1536":["https:\/\/divinejasmine.com\/wp-content\/uploads\/2020\/03\/distance_1024_768.jpg",962,722,false],"2048x2048":["https:\/\/divinejasmine.com\/wp-content\/uploads\/2020\/03\/distance_1024_768.jpg",962,722,false],"trp-custom-language-flag":["https:\/\/divinejasmine.com\/wp-content\/uploads\/2020\/03\/distance_1024_768.jpg",16,12,false]},"uagb_author_info":{"display_name":"DJ","author_link":"https:\/\/divinejasmine.com\/en\/author\/dj\/"},"uagb_comment_info":0,"uagb_excerpt":"Etre fan de Divine Jasmine Comment \u00eatre fan de divine jasmine ? Toi qui viens r\u00e9guli\u00e8rement me rendre visite chez moi, qui me fait de jolis cadeaux \u00e0 distance, veux tu \u00eatre fan de Divine Jasmine?\u00a0 Sais-tu que j&rsquo;ai d\u00e9sormais [&hellip;]","_links":{"self":[{"href":"https:\/\/divinejasmine.com\/en\/wp-json\/wp\/v2\/pages\/2792"}],"collection":[{"href":"https:\/\/divinejasmine.com\/en\/wp-json\/wp\/v2\/pages"}],"about":[{"href":"https:\/\/divinejasmine.com\/en\/wp-json\/wp\/v2\/types\/page"}],"author":[{"embeddable":true,"href":"https:\/\/divinejasmine.com\/en\/wp-json\/wp\/v2\/users\/1"}],"replies":[{"embeddable":true,"href":"https:\/\/divinejasmine.com\/en\/wp-json\/wp\/v2\/comments?post=2792"}],"version-history":[{"count":61,"href":"https:\/\/divinejasmine.com\/en\/wp-json\/wp\/v2\/pages\/2792\/revisions"}],"predecessor-version":[{"id":9136,"href":"https:\/\/divinejasmine.com\/en\/wp-json\/wp\/v2\/pages\/2792\/revisions\/9136"}],"up":[{"embeddable":true,"href":"https:\/\/divinejasmine.com\/en\/wp-json\/wp\/v2\/pages\/289"}],"wp:featuredmedia":[{"embeddable":true,"href":"https:\/\/divinejasmine.com\/en\/wp-json\/wp\/v2\/media\/1363"}],"wp:attachment":[{"href":"https:\/\/divinejasmine.com\/en\/wp-json\/wp\/v2\/media?parent=2792"}],"wp:term":[{"taxonomy":"category","embeddable":true,"href":"https:\/\/divinejasmine.com\/en\/wp-json\/wp\/v2\/categories?post=2792"}],"curies":[{"name":"wp","href":"https:\/\/api.w.org\/{rel}","templated":true}]}}