{"id":1582,"date":"2020-05-16T17:51:08","date_gmt":"2020-05-16T15:51:08","guid":{"rendered":"https:\/\/divinejasmine.com\/?page_id=1582"},"modified":"2023-09-21T11:04:29","modified_gmt":"2023-09-21T09:04:29","slug":"questionnaire-bdsm","status":"publish","type":"page","link":"https:\/\/divinejasmine.com\/en\/accueil-2\/pratiques-bdsm\/questionnaire-bdsm\/","title":{"rendered":"Fill my BDSM form"},"content":{"rendered":"<div data-elementor-type=\"wp-post\" data-elementor-id=\"1582\" class=\"elementor elementor-1582\" data-elementor-post-type=\"page\">\n\t\t\t\t\t\t<section class=\"elementor-section elementor-top-section elementor-element elementor-element-d7d8b56 elementor-section-boxed elementor-section-height-default elementor-section-height-default\" data-id=\"d7d8b56\" data-element_type=\"section\" data-settings=\"{&quot;background_background&quot;:&quot;classic&quot;}\">\n\t\t\t\t\t\t\t<div class=\"elementor-background-overlay\"><\/div>\n\t\t\t\t\t\t\t<div class=\"elementor-container elementor-column-gap-default\">\n\t\t\t\t\t<div class=\"elementor-column elementor-col-33 elementor-top-column elementor-element elementor-element-b3d335b\" data-id=\"b3d335b\" data-element_type=\"column\">\n\t\t\t<div class=\"elementor-widget-wrap\">\n\t\t\t\t\t\t\t<\/div>\n\t\t<\/div>\n\t\t\t\t<div class=\"elementor-column elementor-col-33 elementor-top-column elementor-element elementor-element-fd69444\" data-id=\"fd69444\" data-element_type=\"column\">\n\t\t\t<div class=\"elementor-widget-wrap elementor-element-populated\">\n\t\t\t\t\t\t<div class=\"elementor-element elementor-element-1ff413a elementor-view-default elementor-position-top elementor-mobile-position-top elementor-widget elementor-widget-icon-box\" data-id=\"1ff413a\" data-element_type=\"widget\" data-widget_type=\"icon-box.default\">\n\t\t\t\t<div class=\"elementor-widget-container\">\n\t\t\t\t\t<div class=\"elementor-icon-box-wrapper\">\n\n\t\t\t\t\t\t<div class=\"elementor-icon-box-icon\">\n\t\t\t\t<span  class=\"elementor-icon elementor-animation-\">\n\t\t\t\t<i aria-hidden=\"true\" class=\"fas fa-question-circle\"><\/i>\t\t\t\t<\/span>\n\t\t\t<\/div>\n\t\t\t\n\t\t\t\t\t\t<div class=\"elementor-icon-box-content\">\n\n\t\t\t\t\t\t\t\t\t<h1 class=\"elementor-icon-box-title\">\n\t\t\t\t\t\t<span  >\n\t\t\t\t\t\t\tBDSM Form\t\t\t\t\t\t<\/span>\n\t\t\t\t\t<\/h1>\n\t\t\t\t\n\t\t\t\t\n\t\t\t<\/div>\n\t\t\t\n\t\t<\/div>\n\t\t\t\t<\/div>\n\t\t\t\t<\/div>\n\t\t\t\t\t<\/div>\n\t\t<\/div>\n\t\t\t\t<div class=\"elementor-column elementor-col-33 elementor-top-column elementor-element elementor-element-674669b\" data-id=\"674669b\" data-element_type=\"column\">\n\t\t\t<div class=\"elementor-widget-wrap\">\n\t\t\t\t\t\t\t<\/div>\n\t\t<\/div>\n\t\t\t\t\t<\/div>\n\t\t<\/section>\n\t\t\t\t<section class=\"elementor-section elementor-top-section elementor-element elementor-element-aee9329 elementor-section-boxed elementor-section-height-default elementor-section-height-default\" data-id=\"aee9329\" data-element_type=\"section\">\n\t\t\t\t\t\t<div class=\"elementor-container elementor-column-gap-default\">\n\t\t\t\t\t<div class=\"elementor-column elementor-col-33 elementor-top-column elementor-element elementor-element-0003d93\" data-id=\"0003d93\" data-element_type=\"column\">\n\t\t\t<div class=\"elementor-widget-wrap\">\n\t\t\t\t\t\t\t<\/div>\n\t\t<\/div>\n\t\t\t\t<div class=\"elementor-column elementor-col-33 elementor-top-column elementor-element elementor-element-ecd5288\" data-id=\"ecd5288\" data-element_type=\"column\">\n\t\t\t<div class=\"elementor-widget-wrap elementor-element-populated\">\n\t\t\t\t\t\t<div class=\"elementor-element elementor-element-7cb1c72 elementor-widget elementor-widget-heading\" data-id=\"7cb1c72\" data-element_type=\"widget\" data-widget_type=\"heading.default\">\n\t\t\t\t<div class=\"elementor-widget-container\">\n\t\t\t<h2 class=\"elementor-heading-title elementor-size-default\">To know you better : Fill my bdsm form<\/h2>\t\t<\/div>\n\t\t\t\t<\/div>\n\t\t\t\t<div class=\"elementor-element elementor-element-5186e98 elementor-widget-divider--view-line elementor-widget elementor-widget-divider\" data-id=\"5186e98\" data-element_type=\"widget\" data-widget_type=\"divider.default\">\n\t\t\t\t<div class=\"elementor-widget-container\">\n\t\t\t\t\t<div class=\"elementor-divider\">\n\t\t\t<span class=\"elementor-divider-separator\">\n\t\t\t\t\t\t<\/span>\n\t\t<\/div>\n\t\t\t\t<\/div>\n\t\t\t\t<\/div>\n\t\t\t\t<div class=\"elementor-element elementor-element-597ba0e elementor-drop-cap-yes elementor-drop-cap-view-default elementor-widget elementor-widget-text-editor\" data-id=\"597ba0e\" data-element_type=\"widget\" data-settings=\"{&quot;drop_cap&quot;:&quot;yes&quot;}\" data-widget_type=\"text-editor.default\">\n\t\t\t\t<div class=\"elementor-widget-container\">\n\t\t\t\t\t\t\t<p style=\"text-align: left;\">I made a detailed form about your <a href=\"https:\/\/fr.wikipedia.org\/wiki\/Liste_de_jeux_de_r%C3%B4le_et_pratiques_BDSM\" target=\"_blank\" rel=\"noopener\">bdsm plays<\/a> and taboos. Indeed, I don't count the hours spent on the phone or text message with my new submissives discussing their practices, fantasies, taboos, limits, etc... I take the notes I can and, very often, I see that I am answers without really knowing what it is all about. In reality, this time is almost entirely lost due to misunderstandings or stress from the submissive during my \u201cinterrogation\u201d. This is necessarily reflected in the quality of the first sessions.<\/p><p style=\"text-align: left;\">Moreover, when you contact me, you often have a specific idea in mind about certain kinks but you have generally not taken the time to question yourself about the entire BDSM spectrum. This is also so broad that it is difficult to do it without being guided.<\/p><p style=\"text-align: left;\">In order to solve this problem, I carried out a detailed questionnaire which will allow you to tell me in detail and with a clear head the practices that you like more or less in all of my very large panel.\u00a0<\/p><p style=\"text-align: left;\">Thus, from our first meeting I will strive to match my desires and your desires. Great, isn&#039;t it?<\/p><p style=\"text-align: left;\">The price to pay is about 10 min of your time. It&#039;s not expensive to pay!<\/p><p style=\"text-align: center;\"><span style=\"color: #ff00ff;\"><strong>Suffice to say that I will have a very positive first impression on any subject who scrupulously fills out this form.<\/strong><\/span><\/p>\t\t\t\t\t\t<\/div>\n\t\t\t\t<\/div>\n\t\t\t\t<div class=\"elementor-element elementor-element-b67050b elementor-cta--skin-classic elementor-animated-content elementor-bg-transform elementor-bg-transform-zoom-in elementor-widget elementor-widget-call-to-action\" data-id=\"b67050b\" data-element_type=\"widget\" data-widget_type=\"call-to-action.default\">\n\t\t\t\t<div class=\"elementor-widget-container\">\n\t\t\t\t\t<div class=\"elementor-cta\">\n\t\t\t\t\t<div class=\"elementor-cta__bg-wrapper\">\n\t\t\t\t<div class=\"elementor-cta__bg elementor-bg\" style=\"background-image: url(https:\/\/divinejasmine.com\/wp-content\/uploads\/2020\/02\/humiliation19.jpg);\" role=\"img\" aria-label=\"humiliation19\"><\/div>\n\t\t\t\t<div class=\"elementor-cta__bg-overlay\"><\/div>\n\t\t\t<\/div>\n\t\t\t\t\t\t\t<div class=\"elementor-cta__content\">\n\t\t\t\t\n\t\t\t\t\t\t\t\t\t<h2 class=\"elementor-cta__title elementor-cta__content-item elementor-content-item\">\n\t\t\t\t\t\tDispose of your fate\t\t\t\t\t<\/h2>\n\t\t\t\t\n\t\t\t\t\t\t\t\t\t<div class=\"elementor-cta__description elementor-cta__content-item elementor-content-item\">\n\t\t\t\t\t\tTake this unique opportunity to discuss your deepest fantasies\t\t\t\t\t<\/div>\n\t\t\t\t\n\t\t\t\t\t\t\t\t\t<div class=\"elementor-cta__button-wrapper elementor-cta__content-item elementor-content-item\">\n\t\t\t\t\t<a class=\"elementor-cta__button elementor-button elementor-size-\" href=\"https:\/\/divinejasmine.com\/en\/enquete-pratiques-bdsm-et-motivations\/\">\n\t\t\t\t\t\tAt your command, mistress!\t\t\t\t\t<\/a>\n\t\t\t\t\t<\/div>\n\t\t\t\t\t\t\t<\/div>\n\t\t\t\t\t\t\t<div class=\"elementor-ribbon\">\n\t\t\t\t<div class=\"elementor-ribbon-inner\">new<\/div>\n\t\t\t<\/div>\n\t\t\t\t<\/div>\n\t\t\t\t<\/div>\n\t\t\t\t<\/div>\n\t\t\t\t<div class=\"elementor-element elementor-element-c8b9b47 elementor-widget elementor-widget-image\" data-id=\"c8b9b47\" data-element_type=\"widget\" data-widget_type=\"image.default\">\n\t\t\t\t<div class=\"elementor-widget-container\">\n\t\t\t\t\t\t\t\t\t\t\t\t\t<img fetchpriority=\"high\" decoding=\"async\" width=\"462\" height=\"640\" src=\"https:\/\/divinejasmine.com\/wp-content\/uploads\/2023\/01\/BC969908-5D1B-4B05-9E6A-995DA415504A_ba.jpg\" class=\"attachment-large size-large wp-image-7005\" alt=\"Fill in my bdsm questionnaire\" srcset=\"https:\/\/divinejasmine.com\/wp-content\/uploads\/2023\/01\/BC969908-5D1B-4B05-9E6A-995DA415504A_ba.jpg 462w, https:\/\/divinejasmine.com\/wp-content\/uploads\/2023\/01\/BC969908-5D1B-4B05-9E6A-995DA415504A_ba-217x300.jpg 217w\" sizes=\"(max-width: 462px) 100vw, 462px\" \/>\t\t\t\t\t\t\t\t\t\t\t\t\t<\/div>\n\t\t\t\t<\/div>\n\t\t\t\t\t<\/div>\n\t\t<\/div>\n\t\t\t\t<div class=\"elementor-column elementor-col-33 elementor-top-column elementor-element elementor-element-942caf3\" data-id=\"942caf3\" data-element_type=\"column\">\n\t\t\t<div class=\"elementor-widget-wrap\">\n\t\t\t\t\t\t\t<\/div>\n\t\t<\/div>\n\t\t\t\t\t<\/div>\n\t\t<\/section>\n\t\t\t\t<\/div>","protected":false},"excerpt":{"rendered":"<p>Bdsm questionnaire To get to know you better: fill in my bdsm questionnaire I've drawn up a detailed questionnaire about your BDSM practices: your desires and taboos. Indeed, I don't count the hours spent on the phone or texting with my [...]<\/p>","protected":false},"author":1,"featured_media":1375,"parent":289,"menu_order":0,"comment_status":"closed","ping_status":"closed","template":"","meta":{"_uag_custom_page_level_css":"","_mi_skip_tracking":false,"_monsterinsights_sitenote_active":false,"_monsterinsights_sitenote_note":"","_monsterinsights_sitenote_category":0,"site-sidebar-layout":"no-sidebar","site-content-layout":"page-builder","ast-site-content-layout":"","site-content-style":"default","site-sidebar-style":"default","ast-global-header-display":"","ast-banner-title-visibility":"","ast-main-header-display":"","ast-hfb-above-header-display":"","ast-hfb-below-header-display":"","ast-hfb-mobile-header-display":"","site-post-title":"disabled","ast-breadcrumbs-content":"","ast-featured-img":"disabled","footer-sml-layout":"","theme-transparent-header-meta":"enabled","adv-header-id-meta":"","stick-header-meta":"default","header-above-stick-meta":"","header-main-stick-meta":"","header-below-stick-meta":"","astra-migrate-meta-layouts":"default","ast-page-background-enabled":"default","ast-page-background-meta":{"desktop":{"background-color":"","background-image":"","background-repeat":"repeat","background-position":"center center","background-size":"auto","background-attachment":"scroll","background-type":"","background-media":"","overlay-type":"","overlay-color":"","overlay-gradient":""},"tablet":{"background-color":"","background-image":"","background-repeat":"repeat","background-position":"center center","background-size":"auto","background-attachment":"scroll","background-type":"","background-media":"","overlay-type":"","overlay-color":"","overlay-gradient":""},"mobile":{"background-color":"","background-image":"","background-repeat":"repeat","background-position":"center center","background-size":"auto","background-attachment":"scroll","background-type":"","background-media":"","overlay-type":"","overlay-color":"","overlay-gradient":""}},"ast-content-background-meta":{"desktop":{"background-color":"var(--ast-global-color-5)","background-image":"","background-repeat":"repeat","background-position":"center center","background-size":"auto","background-attachment":"scroll","background-type":"","background-media":"","overlay-type":"","overlay-color":"","overlay-gradient":""},"tablet":{"background-color":"var(--ast-global-color-5)","background-image":"","background-repeat":"repeat","background-position":"center center","background-size":"auto","background-attachment":"scroll","background-type":"","background-media":"","overlay-type":"","overlay-color":"","overlay-gradient":""},"mobile":{"background-color":"var(--ast-global-color-5)","background-image":"","background-repeat":"repeat","background-position":"center center","background-size":"auto","background-attachment":"scroll","background-type":"","background-media":"","overlay-type":"","overlay-color":"","overlay-gradient":""}},"footnotes":""},"categories":[],"uagb_featured_image_src":{"full":["https:\/\/divinejasmine.com\/wp-content\/uploads\/2020\/03\/mesobjets_1024_768.jpg",1024,768,false],"thumbnail":["https:\/\/divinejasmine.com\/wp-content\/uploads\/2020\/03\/mesobjets_1024_768-150x150.jpg",150,150,true],"medium":["https:\/\/divinejasmine.com\/wp-content\/uploads\/2020\/03\/mesobjets_1024_768-300x225.jpg",300,225,true],"medium_large":["https:\/\/divinejasmine.com\/wp-content\/uploads\/2020\/03\/mesobjets_1024_768-768x576.jpg",768,576,true],"large":["https:\/\/divinejasmine.com\/wp-content\/uploads\/2020\/03\/mesobjets_1024_768.jpg",1024,768,false],"1536x1536":["https:\/\/divinejasmine.com\/wp-content\/uploads\/2020\/03\/mesobjets_1024_768.jpg",1024,768,false],"2048x2048":["https:\/\/divinejasmine.com\/wp-content\/uploads\/2020\/03\/mesobjets_1024_768.jpg",1024,768,false],"trp-custom-language-flag":["https:\/\/divinejasmine.com\/wp-content\/uploads\/2020\/03\/mesobjets_1024_768.jpg",16,12,false]},"uagb_author_info":{"display_name":"DJ","author_link":"https:\/\/divinejasmine.com\/en\/author\/dj\/"},"uagb_comment_info":0,"uagb_excerpt":"Questionnaire bdsm Pour mieux te connaitre : remplis mon questionnaire bdsm J&rsquo;ai r\u00e9alis\u00e9 un questionnaire d\u00e9taill\u00e9 sur tes pratiques\u00a0 BDSM : tes envies et tabous. En effet, je ne compte pas les heures pass\u00e9es au t\u00e9l\u00e9phone ou texto avec mes [&hellip;]","_links":{"self":[{"href":"https:\/\/divinejasmine.com\/en\/wp-json\/wp\/v2\/pages\/1582"}],"collection":[{"href":"https:\/\/divinejasmine.com\/en\/wp-json\/wp\/v2\/pages"}],"about":[{"href":"https:\/\/divinejasmine.com\/en\/wp-json\/wp\/v2\/types\/page"}],"author":[{"embeddable":true,"href":"https:\/\/divinejasmine.com\/en\/wp-json\/wp\/v2\/users\/1"}],"replies":[{"embeddable":true,"href":"https:\/\/divinejasmine.com\/en\/wp-json\/wp\/v2\/comments?post=1582"}],"version-history":[{"count":38,"href":"https:\/\/divinejasmine.com\/en\/wp-json\/wp\/v2\/pages\/1582\/revisions"}],"predecessor-version":[{"id":8023,"href":"https:\/\/divinejasmine.com\/en\/wp-json\/wp\/v2\/pages\/1582\/revisions\/8023"}],"up":[{"embeddable":true,"href":"https:\/\/divinejasmine.com\/en\/wp-json\/wp\/v2\/pages\/289"}],"wp:featuredmedia":[{"embeddable":true,"href":"https:\/\/divinejasmine.com\/en\/wp-json\/wp\/v2\/media\/1375"}],"wp:attachment":[{"href":"https:\/\/divinejasmine.com\/en\/wp-json\/wp\/v2\/media?parent=1582"}],"wp:term":[{"taxonomy":"category","embeddable":true,"href":"https:\/\/divinejasmine.com\/en\/wp-json\/wp\/v2\/categories?post=1582"}],"curies":[{"name":"wp","href":"https:\/\/api.w.org\/{rel}","templated":true}]}}